{"id":299,"date":"2024-05-16T13:04:30","date_gmt":"2024-05-16T11:04:30","guid":{"rendered":"http:\/\/localhost\/vicentehome\/?page_id=299"},"modified":"2026-03-11T18:38:04","modified_gmt":"2026-03-11T17:38:04","slug":"eventos","status":"publish","type":"page","link":"https:\/\/vicentehomealcantarilla.es\/en\/eventos\/","title":{"rendered":"Events"},"content":{"rendered":"<div data-elementor-type=\"wp-page\" data-elementor-id=\"299\" class=\"elementor elementor-299\">\n\t\t\t\t<div class=\"elementor-element elementor-element-e1f0706 e-flex e-con-boxed e-con e-parent\" data-id=\"e1f0706\" data-element_type=\"container\" data-settings=\"{&quot;background_background&quot;:&quot;classic&quot;,&quot;motion_fx_motion_fx_mouse&quot;:&quot;yes&quot;}\">\n\t\t\t\t\t<div class=\"e-con-inner\">\n\t\t\t\t<div class=\"elementor-element elementor-element-9fb3394 elementor-widget elementor-widget-heading\" data-id=\"9fb3394\" data-element_type=\"widget\" data-widget_type=\"heading.default\">\n\t\t\t\t<div class=\"elementor-widget-container\">\n\t\t\t<style>\/*! elementor - v3.21.0 - 08-05-2024 *\/\n.elementor-heading-title{padding:0;margin:0;line-height:1}.elementor-widget-heading .elementor-heading-title[class*=elementor-size-]>a{color:inherit;font-size:inherit;line-height:inherit}.elementor-widget-heading .elementor-heading-title.elementor-size-small{font-size:15px}.elementor-widget-heading .elementor-heading-title.elementor-size-medium{font-size:19px}.elementor-widget-heading .elementor-heading-title.elementor-size-large{font-size:29px}.elementor-widget-heading .elementor-heading-title.elementor-size-xl{font-size:39px}.elementor-widget-heading .elementor-heading-title.elementor-size-xxl{font-size:59px}<\/style><h2 class=\"elementor-heading-title elementor-size-default\">Your event venue<\/h2>\t\t<\/div>\n\t\t\t\t<\/div>\n\t\t\t\t\t<\/div>\n\t\t\t\t<\/div>\n\t\t<div class=\"elementor-element elementor-element-4d9fc39 e-flex e-con-boxed e-con e-parent\" data-id=\"4d9fc39\" data-element_type=\"container\" data-settings=\"{&quot;background_background&quot;:&quot;gradient&quot;}\">\n\t\t\t\t\t<div class=\"e-con-inner\">\n\t\t\t\t<div class=\"elementor-element elementor-element-e4b34d6 elementor-widget elementor-widget-heading\" data-id=\"e4b34d6\" data-element_type=\"widget\" data-widget_type=\"heading.default\">\n\t\t\t\t<div class=\"elementor-widget-container\">\n\t\t\t<h2 class=\"elementor-heading-title elementor-size-default\">CELEBRATE UNIQUE MOMENTS AT VICENTE HOME<\/h2>\t\t<\/div>\n\t\t\t\t<\/div>\n\t\t<div class=\"elementor-element elementor-element-414c661 e-grid e-con-boxed e-con e-child\" data-id=\"414c661\" data-element_type=\"container\">\n\t\t\t\t\t<div class=\"e-con-inner\">\n\t\t\t\t<div class=\"elementor-element elementor-element-6f19942 elementor-widget elementor-widget-heading\" data-id=\"6f19942\" data-element_type=\"widget\" data-widget_type=\"heading.default\">\n\t\t\t\t<div class=\"elementor-widget-container\">\n\t\t\t<h2 class=\"elementor-heading-title elementor-size-default\">At Vicente Home, located in the heart of\nheart of Alcantarilla, Murcia,\nwe know how special your wedding\nyour wedding day is. That is why we have\ncreated a perfect space\nto make it an unforgettable\nunforgettable.<\/h2>\t\t<\/div>\n\t\t\t\t<\/div>\n\t\t\t\t<div class=\"elementor-element elementor-element-b5afbd9 elementor-widget elementor-widget-image\" data-id=\"b5afbd9\" data-element_type=\"widget\" data-widget_type=\"image.default\">\n\t\t\t\t<div class=\"elementor-widget-container\">\n\t\t\t<style>\/*! elementor - v3.21.0 - 08-05-2024 *\/\n.elementor-widget-image{text-align:center}.elementor-widget-image a{display:inline-block}.elementor-widget-image a img[src$=\".svg\"]{width:48px}.elementor-widget-image img{vertical-align:middle;display:inline-block}<\/style>\t\t\t\t\t\t\t\t\t\t<img fetchpriority=\"high\" decoding=\"async\" width=\"800\" height=\"527\" src=\"https:\/\/vicentehomealcantarilla.es\/wp-content\/uploads\/2024\/12\/Recurso-32-1024x674.jpg\" class=\"attachment-large size-large wp-image-648\" alt=\"\" srcset=\"https:\/\/vicentehomealcantarilla.es\/wp-content\/uploads\/2024\/12\/Recurso-32-1024x674.jpg 1024w, https:\/\/vicentehomealcantarilla.es\/wp-content\/uploads\/2024\/12\/Recurso-32-300x197.jpg 300w, https:\/\/vicentehomealcantarilla.es\/wp-content\/uploads\/2024\/12\/Recurso-32-768x505.jpg 768w, https:\/\/vicentehomealcantarilla.es\/wp-content\/uploads\/2024\/12\/Recurso-32-18x12.jpg 18w, https:\/\/vicentehomealcantarilla.es\/wp-content\/uploads\/2024\/12\/Recurso-32.jpg 1132w\" sizes=\"(max-width: 800px) 100vw, 800px\" \/>\t\t\t\t\t\t\t\t\t\t\t\t\t<\/div>\n\t\t\t\t<\/div>\n\t\t\t\t\t<\/div>\n\t\t\t\t<\/div>\n\t\t\t\t\t<\/div>\n\t\t\t\t<\/div>\n\t\t<div class=\"elementor-element elementor-element-5cb0dd8 e-flex e-con-boxed e-con e-parent\" data-id=\"5cb0dd8\" data-element_type=\"container\" data-settings=\"{&quot;background_background&quot;:&quot;gradient&quot;}\">\n\t\t\t\t\t<div class=\"e-con-inner\">\n\t\t<div class=\"elementor-element elementor-element-545ec19 e-con-full e-flex e-con e-child\" data-id=\"545ec19\" data-element_type=\"container\">\n\t\t\t\t<div class=\"elementor-element elementor-element-9c18ec6 elementor-widget elementor-widget-image\" data-id=\"9c18ec6\" data-element_type=\"widget\" data-widget_type=\"image.default\">\n\t\t\t\t<div class=\"elementor-widget-container\">\n\t\t\t\t\t\t\t\t\t\t\t\t\t<img decoding=\"async\" width=\"750\" height=\"1024\" src=\"https:\/\/vicentehomealcantarilla.es\/wp-content\/uploads\/2024\/12\/Recurso-33-750x1024.jpg\" class=\"attachment-large size-large wp-image-649\" alt=\"\" srcset=\"https:\/\/vicentehomealcantarilla.es\/wp-content\/uploads\/2024\/12\/Recurso-33-750x1024.jpg 750w, https:\/\/vicentehomealcantarilla.es\/wp-content\/uploads\/2024\/12\/Recurso-33-220x300.jpg 220w, https:\/\/vicentehomealcantarilla.es\/wp-content\/uploads\/2024\/12\/Recurso-33-768x1049.jpg 768w, https:\/\/vicentehomealcantarilla.es\/wp-content\/uploads\/2024\/12\/Recurso-33-9x12.jpg 9w, https:\/\/vicentehomealcantarilla.es\/wp-content\/uploads\/2024\/12\/Recurso-33.jpg 791w\" sizes=\"(max-width: 750px) 100vw, 750px\" \/>\t\t\t\t\t\t\t\t\t\t\t\t\t<\/div>\n\t\t\t\t<\/div>\n\t\t\t\t<\/div>\n\t\t<div class=\"elementor-element elementor-element-50f8442 e-con-full e-flex e-con e-child\" data-id=\"50f8442\" data-element_type=\"container\">\n\t\t<div class=\"elementor-element elementor-element-d9616e2 e-con-full e-flex e-con e-child\" data-id=\"d9616e2\" data-element_type=\"container\" data-settings=\"{&quot;background_background&quot;:&quot;classic&quot;}\">\n\t\t<div class=\"elementor-element elementor-element-f91818e e-con-full e-flex e-con e-child\" data-id=\"f91818e\" data-element_type=\"container\" data-settings=\"{&quot;background_background&quot;:&quot;classic&quot;}\">\n\t\t\t\t<\/div>\n\t\t\t\t<\/div>\n\t\t\t\t<div class=\"elementor-element elementor-element-dd2d81f elementor-widget elementor-widget-heading\" data-id=\"dd2d81f\" data-element_type=\"widget\" data-widget_type=\"heading.default\">\n\t\t\t\t<div class=\"elementor-widget-container\">\n\t\t\t<h2 class=\"elementor-heading-title elementor-size-default\">Our hotel offers a unique combination of\ncombination of elegance and comfort, ideal for\nideal to prepare the bride in a quiet and\nand exclusive atmosphere.<\/h2>\t\t<\/div>\n\t\t\t\t<\/div>\n\t\t\t\t<div class=\"elementor-element elementor-element-f76fe7a elementor-widget elementor-widget-heading\" data-id=\"f76fe7a\" data-element_type=\"widget\" data-widget_type=\"heading.default\">\n\t\t\t\t<div class=\"elementor-widget-container\">\n\t\t\t<h2 class=\"elementor-heading-title elementor-size-default\">Our hotel offers a unique combination of elegance and comfort, ideal for preparing\ncomfort, ideal to prepare the bride in a quiet and exclusive atmosphere.\nexclusive atmosphere. We have specially designed spaces\nfor you to make up, do your hair and dress comfortably,\nensuring that every detail is at the height of this special day.\nspecial day.\n<br><br>\n\nWith a careful decoration and corners full of charm,\nVicente Home also becomes the perfect setting for your wedding photos, providing an elegant\nyour wedding photos, providing an elegant and warm backdrop that will make those memories even more\nmake those memories even more special.<\/h2>\t\t<\/div>\n\t\t\t\t<\/div>\n\t\t\t\t<\/div>\n\t\t\t\t\t<\/div>\n\t\t\t\t<\/div>\n\t\t<div class=\"elementor-element elementor-element-23d440d e-grid e-con-boxed e-con e-parent\" data-id=\"23d440d\" data-element_type=\"container\" data-settings=\"{&quot;background_background&quot;:&quot;classic&quot;}\">\n\t\t\t\t\t<div class=\"e-con-inner\">\n\t\t\t\t<div class=\"elementor-element elementor-element-d0b4730 elementor-widget elementor-widget-image\" data-id=\"d0b4730\" data-element_type=\"widget\" data-widget_type=\"image.default\">\n\t\t\t\t<div class=\"elementor-widget-container\">\n\t\t\t\t\t\t\t\t\t\t\t\t\t<img decoding=\"async\" width=\"750\" height=\"1024\" src=\"https:\/\/vicentehomealcantarilla.es\/wp-content\/uploads\/2024\/12\/Recurso-35-750x1024.jpg\" class=\"attachment-large size-large wp-image-650\" alt=\"\" srcset=\"https:\/\/vicentehomealcantarilla.es\/wp-content\/uploads\/2024\/12\/Recurso-35-750x1024.jpg 750w, https:\/\/vicentehomealcantarilla.es\/wp-content\/uploads\/2024\/12\/Recurso-35-220x300.jpg 220w, https:\/\/vicentehomealcantarilla.es\/wp-content\/uploads\/2024\/12\/Recurso-35-768x1049.jpg 768w, https:\/\/vicentehomealcantarilla.es\/wp-content\/uploads\/2024\/12\/Recurso-35-9x12.jpg 9w, https:\/\/vicentehomealcantarilla.es\/wp-content\/uploads\/2024\/12\/Recurso-35.jpg 791w\" sizes=\"(max-width: 750px) 100vw, 750px\" \/>\t\t\t\t\t\t\t\t\t\t\t\t\t<\/div>\n\t\t\t\t<\/div>\n\t\t\t\t<div class=\"elementor-element elementor-element-3476aed elementor-widget elementor-widget-image\" data-id=\"3476aed\" data-element_type=\"widget\" data-widget_type=\"image.default\">\n\t\t\t\t<div class=\"elementor-widget-container\">\n\t\t\t\t\t\t\t\t\t\t\t\t\t<img loading=\"lazy\" decoding=\"async\" width=\"750\" height=\"1024\" src=\"https:\/\/vicentehomealcantarilla.es\/wp-content\/uploads\/2024\/12\/Recurso-36-750x1024.jpg\" class=\"attachment-large size-large wp-image-651\" alt=\"\" srcset=\"https:\/\/vicentehomealcantarilla.es\/wp-content\/uploads\/2024\/12\/Recurso-36-750x1024.jpg 750w, https:\/\/vicentehomealcantarilla.es\/wp-content\/uploads\/2024\/12\/Recurso-36-220x300.jpg 220w, https:\/\/vicentehomealcantarilla.es\/wp-content\/uploads\/2024\/12\/Recurso-36-768x1049.jpg 768w, https:\/\/vicentehomealcantarilla.es\/wp-content\/uploads\/2024\/12\/Recurso-36-9x12.jpg 9w, https:\/\/vicentehomealcantarilla.es\/wp-content\/uploads\/2024\/12\/Recurso-36.jpg 791w\" sizes=\"(max-width: 750px) 100vw, 750px\" \/>\t\t\t\t\t\t\t\t\t\t\t\t\t<\/div>\n\t\t\t\t<\/div>\n\t\t\t\t<div class=\"elementor-element elementor-element-1e41812 elementor-widget elementor-widget-image\" data-id=\"1e41812\" data-element_type=\"widget\" data-widget_type=\"image.default\">\n\t\t\t\t<div class=\"elementor-widget-container\">\n\t\t\t\t\t\t\t\t\t\t\t\t\t<img loading=\"lazy\" decoding=\"async\" width=\"750\" height=\"1024\" src=\"https:\/\/vicentehomealcantarilla.es\/wp-content\/uploads\/2024\/12\/Recurso-37-750x1024.jpg\" class=\"attachment-large size-large wp-image-652\" alt=\"\" srcset=\"https:\/\/vicentehomealcantarilla.es\/wp-content\/uploads\/2024\/12\/Recurso-37-750x1024.jpg 750w, https:\/\/vicentehomealcantarilla.es\/wp-content\/uploads\/2024\/12\/Recurso-37-220x300.jpg 220w, https:\/\/vicentehomealcantarilla.es\/wp-content\/uploads\/2024\/12\/Recurso-37-768x1049.jpg 768w, https:\/\/vicentehomealcantarilla.es\/wp-content\/uploads\/2024\/12\/Recurso-37-9x12.jpg 9w, https:\/\/vicentehomealcantarilla.es\/wp-content\/uploads\/2024\/12\/Recurso-37.jpg 791w\" sizes=\"(max-width: 750px) 100vw, 750px\" \/>\t\t\t\t\t\t\t\t\t\t\t\t\t<\/div>\n\t\t\t\t<\/div>\n\t\t\t\t\t<\/div>\n\t\t\t\t<\/div>\n\t\t<div class=\"elementor-element elementor-element-93a980b e-flex e-con-boxed e-con e-parent\" data-id=\"93a980b\" data-element_type=\"container\" data-settings=\"{&quot;background_background&quot;:&quot;gradient&quot;}\">\n\t\t\t\t\t<div class=\"e-con-inner\">\n\t\t<div class=\"elementor-element elementor-element-16ba0ab e-con-full e-flex e-con e-child\" data-id=\"16ba0ab\" data-element_type=\"container\">\n\t\t\t\t<div class=\"elementor-element elementor-element-873e820 elementor-widget elementor-widget-image\" data-id=\"873e820\" data-element_type=\"widget\" data-widget_type=\"image.default\">\n\t\t\t\t<div class=\"elementor-widget-container\">\n\t\t\t\t\t\t\t\t\t\t\t\t\t<img loading=\"lazy\" decoding=\"async\" width=\"800\" height=\"868\" src=\"https:\/\/vicentehomealcantarilla.es\/wp-content\/uploads\/2024\/12\/Recurso-38.jpg\" class=\"attachment-large size-large wp-image-653\" alt=\"\" srcset=\"https:\/\/vicentehomealcantarilla.es\/wp-content\/uploads\/2024\/12\/Recurso-38.jpg 883w, https:\/\/vicentehomealcantarilla.es\/wp-content\/uploads\/2024\/12\/Recurso-38-277x300.jpg 277w, https:\/\/vicentehomealcantarilla.es\/wp-content\/uploads\/2024\/12\/Recurso-38-768x833.jpg 768w, https:\/\/vicentehomealcantarilla.es\/wp-content\/uploads\/2024\/12\/Recurso-38-11x12.jpg 11w\" sizes=\"(max-width: 800px) 100vw, 800px\" \/>\t\t\t\t\t\t\t\t\t\t\t\t\t<\/div>\n\t\t\t\t<\/div>\n\t\t\t\t<\/div>\n\t\t<div class=\"elementor-element elementor-element-9028400 e-con-full e-flex e-con e-child\" data-id=\"9028400\" data-element_type=\"container\">\n\t\t<div class=\"elementor-element elementor-element-a481e16 e-con-full e-flex e-con e-child\" data-id=\"a481e16\" data-element_type=\"container\" data-settings=\"{&quot;background_background&quot;:&quot;classic&quot;}\">\n\t\t<div class=\"elementor-element elementor-element-d62a29c e-con-full e-flex e-con e-child\" data-id=\"d62a29c\" data-element_type=\"container\" data-settings=\"{&quot;background_background&quot;:&quot;classic&quot;}\">\n\t\t\t\t<\/div>\n\t\t\t\t<\/div>\n\t\t\t\t<div class=\"elementor-element elementor-element-786acfb elementor-widget elementor-widget-heading\" data-id=\"786acfb\" data-element_type=\"widget\" data-widget_type=\"heading.default\">\n\t\t\t\t<div class=\"elementor-widget-container\">\n\t\t\t<h2 class=\"elementor-heading-title elementor-size-default\">Trust Vicente Home to be part of this\nof this important moment.\nWe are here to accompany you in\nevery detail and make sure that your\nday is just as you always dreamed it would be.\nMake your wedding unforgettable with us!\nwith us!<\/h2>\t\t<\/div>\n\t\t\t\t<\/div>\n\t\t\t\t<\/div>\n\t\t\t\t\t<\/div>\n\t\t\t\t<\/div>\n\t\t\t\t<\/div>","protected":false},"excerpt":{"rendered":"<p>Tu lugar de eventos CELEBRA MOMENTOS \u00daNICOS EN VICENTE HOME En Vicente Home, ubicado en el coraz\u00f3n de Alcantarilla, Murcia, sabemos lo especial que es el d\u00eda de tu boda. Por eso, hemos creado un espacio perfecto para convertirlo en un lugar inolvidable. Nuestro hotel ofrece una combinaci\u00f3n \u00fanica de elegancia y confort, ideal para [&hellip;]<\/p>","protected":false},"author":1,"featured_media":0,"parent":0,"menu_order":0,"comment_status":"closed","ping_status":"closed","template":"","meta":{"footnotes":""},"class_list":["post-299","page","type-page","status-publish","hentry"],"yoast_head":"<!-- This site is optimized with the Yoast SEO plugin v24.1 - https:\/\/yoast.com\/wordpress\/plugins\/seo\/ -->\n<title>Espacio para eventos en Alcantarilla | Vicente Home<\/title>\n<meta name=\"description\" content=\"Celebra tus eventos en Alcantarilla en un espacio c\u00f3modo y funcional. Consulta disponibilidad y condiciones en Vicente Home.\" \/>\n<meta name=\"robots\" content=\"index, follow, max-snippet:-1, max-image-preview:large, max-video-preview:-1\" \/>\n<link rel=\"canonical\" href=\"https:\/\/vicentehomealcantarilla.es\/en\/eventos\/\" \/>\n<meta property=\"og:locale\" content=\"en_GB\" \/>\n<meta property=\"og:type\" content=\"article\" \/>\n<meta property=\"og:title\" content=\"Espacio para eventos en Alcantarilla | Vicente Home\" \/>\n<meta property=\"og:description\" content=\"Celebra tus eventos en Alcantarilla en un espacio c\u00f3modo y funcional. Consulta disponibilidad y condiciones en Vicente Home.\" \/>\n<meta property=\"og:url\" content=\"https:\/\/vicentehomealcantarilla.es\/en\/eventos\/\" \/>\n<meta property=\"og:site_name\" content=\"Vicente Home\" \/>\n<meta property=\"article:publisher\" content=\"https:\/\/www.facebook.com\/vicentehomealcantarilla\/?locale=es_ES\" \/>\n<meta property=\"article:modified_time\" content=\"2026-03-11T17:38:04+00:00\" \/>\n<meta property=\"og:image\" content=\"http:\/\/vicentehomealcantarilla.es\/wp-content\/uploads\/2024\/12\/Recurso-32-1024x674.jpg\" \/>\n<meta name=\"twitter:card\" content=\"summary_large_image\" \/>\n<meta name=\"twitter:label1\" content=\"Estimated reading time\" \/>\n\t<meta name=\"twitter:data1\" content=\"3 minutes\" \/>\n<script type=\"application\/ld+json\" class=\"yoast-schema-graph\">{\"@context\":\"https:\/\/schema.org\",\"@graph\":[{\"@type\":\"WebPage\",\"@id\":\"https:\/\/vicentehomealcantarilla.es\/eventos\/\",\"url\":\"https:\/\/vicentehomealcantarilla.es\/eventos\/\",\"name\":\"Espacio para eventos en Alcantarilla | Vicente Home\",\"isPartOf\":{\"@id\":\"https:\/\/vicentehomealcantarilla.es\/#website\"},\"primaryImageOfPage\":{\"@id\":\"https:\/\/vicentehomealcantarilla.es\/eventos\/#primaryimage\"},\"image\":{\"@id\":\"https:\/\/vicentehomealcantarilla.es\/eventos\/#primaryimage\"},\"thumbnailUrl\":\"http:\/\/vicentehomealcantarilla.es\/wp-content\/uploads\/2024\/12\/Recurso-32-1024x674.jpg\",\"datePublished\":\"2024-05-16T11:04:30+00:00\",\"dateModified\":\"2026-03-11T17:38:04+00:00\",\"description\":\"Celebra tus eventos en Alcantarilla en un espacio c\u00f3modo y funcional. Consulta disponibilidad y condiciones en Vicente Home.\",\"breadcrumb\":{\"@id\":\"https:\/\/vicentehomealcantarilla.es\/eventos\/#breadcrumb\"},\"inLanguage\":\"en-GB\",\"potentialAction\":[{\"@type\":\"ReadAction\",\"target\":[\"https:\/\/vicentehomealcantarilla.es\/eventos\/\"]}]},{\"@type\":\"ImageObject\",\"inLanguage\":\"en-GB\",\"@id\":\"https:\/\/vicentehomealcantarilla.es\/eventos\/#primaryimage\",\"url\":\"http:\/\/vicentehomealcantarilla.es\/wp-content\/uploads\/2024\/12\/Recurso-32-1024x674.jpg\",\"contentUrl\":\"http:\/\/vicentehomealcantarilla.es\/wp-content\/uploads\/2024\/12\/Recurso-32-1024x674.jpg\"},{\"@type\":\"BreadcrumbList\",\"@id\":\"https:\/\/vicentehomealcantarilla.es\/eventos\/#breadcrumb\",\"itemListElement\":[{\"@type\":\"ListItem\",\"position\":1,\"name\":\"Portada\",\"item\":\"https:\/\/vicentehomealcantarilla.es\/\"},{\"@type\":\"ListItem\",\"position\":2,\"name\":\"Eventos\"}]},{\"@type\":\"WebSite\",\"@id\":\"https:\/\/vicentehomealcantarilla.es\/#website\",\"url\":\"https:\/\/vicentehomealcantarilla.es\/\",\"name\":\"Vicente Home\",\"description\":\"Hotel y alojamiento en Alcantarilla con habitaciones confortables y espacio para eventos cerca de Murcia.\",\"publisher\":{\"@id\":\"https:\/\/vicentehomealcantarilla.es\/#organization\"},\"potentialAction\":[{\"@type\":\"SearchAction\",\"target\":{\"@type\":\"EntryPoint\",\"urlTemplate\":\"https:\/\/vicentehomealcantarilla.es\/?s={search_term_string}\"},\"query-input\":{\"@type\":\"PropertyValueSpecification\",\"valueRequired\":true,\"valueName\":\"search_term_string\"}}],\"inLanguage\":\"en-GB\"},{\"@type\":\"Organization\",\"@id\":\"https:\/\/vicentehomealcantarilla.es\/#organization\",\"name\":\"Vicente Home\",\"url\":\"https:\/\/vicentehomealcantarilla.es\/\",\"logo\":{\"@type\":\"ImageObject\",\"inLanguage\":\"en-GB\",\"@id\":\"https:\/\/vicentehomealcantarilla.es\/#\/schema\/logo\/image\/\",\"url\":\"https:\/\/vicentehomealcantarilla.es\/wp-content\/uploads\/2024\/05\/logo-vicentehome.webp\",\"contentUrl\":\"https:\/\/vicentehomealcantarilla.es\/wp-content\/uploads\/2024\/05\/logo-vicentehome.webp\",\"width\":171,\"height\":88,\"caption\":\"Vicente Home\"},\"image\":{\"@id\":\"https:\/\/vicentehomealcantarilla.es\/#\/schema\/logo\/image\/\"},\"sameAs\":[\"https:\/\/www.facebook.com\/vicentehomealcantarilla\/?locale=es_ES\",\"https:\/\/www.instagram.com\/vicentehome\/?hl=es\"]}]}<\/script>\n<!-- \/ Yoast SEO plugin. -->","yoast_head_json":{"title":"Espacio para eventos en Alcantarilla | Vicente Home","description":"Celebra tus eventos en Alcantarilla en un espacio c\u00f3modo y funcional. Consulta disponibilidad y condiciones en Vicente Home.","robots":{"index":"index","follow":"follow","max-snippet":"max-snippet:-1","max-image-preview":"max-image-preview:large","max-video-preview":"max-video-preview:-1"},"canonical":"https:\/\/vicentehomealcantarilla.es\/en\/eventos\/","og_locale":"en_GB","og_type":"article","og_title":"Espacio para eventos en Alcantarilla | Vicente Home","og_description":"Celebra tus eventos en Alcantarilla en un espacio c\u00f3modo y funcional. Consulta disponibilidad y condiciones en Vicente Home.","og_url":"https:\/\/vicentehomealcantarilla.es\/en\/eventos\/","og_site_name":"Vicente Home","article_publisher":"https:\/\/www.facebook.com\/vicentehomealcantarilla\/?locale=es_ES","article_modified_time":"2026-03-11T17:38:04+00:00","og_image":[{"url":"http:\/\/vicentehomealcantarilla.es\/wp-content\/uploads\/2024\/12\/Recurso-32-1024x674.jpg","type":"","width":"","height":""}],"twitter_card":"summary_large_image","twitter_misc":{"Estimated reading time":"3 minutes"},"schema":{"@context":"https:\/\/schema.org","@graph":[{"@type":"WebPage","@id":"https:\/\/vicentehomealcantarilla.es\/eventos\/","url":"https:\/\/vicentehomealcantarilla.es\/eventos\/","name":"Espacio para eventos en Alcantarilla | Vicente Home","isPartOf":{"@id":"https:\/\/vicentehomealcantarilla.es\/#website"},"primaryImageOfPage":{"@id":"https:\/\/vicentehomealcantarilla.es\/eventos\/#primaryimage"},"image":{"@id":"https:\/\/vicentehomealcantarilla.es\/eventos\/#primaryimage"},"thumbnailUrl":"http:\/\/vicentehomealcantarilla.es\/wp-content\/uploads\/2024\/12\/Recurso-32-1024x674.jpg","datePublished":"2024-05-16T11:04:30+00:00","dateModified":"2026-03-11T17:38:04+00:00","description":"Celebra tus eventos en Alcantarilla en un espacio c\u00f3modo y funcional. Consulta disponibilidad y condiciones en Vicente Home.","breadcrumb":{"@id":"https:\/\/vicentehomealcantarilla.es\/eventos\/#breadcrumb"},"inLanguage":"en-GB","potentialAction":[{"@type":"ReadAction","target":["https:\/\/vicentehomealcantarilla.es\/eventos\/"]}]},{"@type":"ImageObject","inLanguage":"en-GB","@id":"https:\/\/vicentehomealcantarilla.es\/eventos\/#primaryimage","url":"http:\/\/vicentehomealcantarilla.es\/wp-content\/uploads\/2024\/12\/Recurso-32-1024x674.jpg","contentUrl":"http:\/\/vicentehomealcantarilla.es\/wp-content\/uploads\/2024\/12\/Recurso-32-1024x674.jpg"},{"@type":"BreadcrumbList","@id":"https:\/\/vicentehomealcantarilla.es\/eventos\/#breadcrumb","itemListElement":[{"@type":"ListItem","position":1,"name":"Portada","item":"https:\/\/vicentehomealcantarilla.es\/"},{"@type":"ListItem","position":2,"name":"Eventos"}]},{"@type":"WebSite","@id":"https:\/\/vicentehomealcantarilla.es\/#website","url":"https:\/\/vicentehomealcantarilla.es\/","name":"Vicente Home","description":"Hotel y alojamiento en Alcantarilla con habitaciones confortables y espacio para eventos cerca de Murcia.","publisher":{"@id":"https:\/\/vicentehomealcantarilla.es\/#organization"},"potentialAction":[{"@type":"SearchAction","target":{"@type":"EntryPoint","urlTemplate":"https:\/\/vicentehomealcantarilla.es\/?s={search_term_string}"},"query-input":{"@type":"PropertyValueSpecification","valueRequired":true,"valueName":"search_term_string"}}],"inLanguage":"en-GB"},{"@type":"Organization","@id":"https:\/\/vicentehomealcantarilla.es\/#organization","name":"Vicente Home","url":"https:\/\/vicentehomealcantarilla.es\/","logo":{"@type":"ImageObject","inLanguage":"en-GB","@id":"https:\/\/vicentehomealcantarilla.es\/#\/schema\/logo\/image\/","url":"https:\/\/vicentehomealcantarilla.es\/wp-content\/uploads\/2024\/05\/logo-vicentehome.webp","contentUrl":"https:\/\/vicentehomealcantarilla.es\/wp-content\/uploads\/2024\/05\/logo-vicentehome.webp","width":171,"height":88,"caption":"Vicente Home"},"image":{"@id":"https:\/\/vicentehomealcantarilla.es\/#\/schema\/logo\/image\/"},"sameAs":["https:\/\/www.facebook.com\/vicentehomealcantarilla\/?locale=es_ES","https:\/\/www.instagram.com\/vicentehome\/?hl=es"]}]}},"_links":{"self":[{"href":"https:\/\/vicentehomealcantarilla.es\/en\/wp-json\/wp\/v2\/pages\/299","targetHints":{"allow":["GET"]}}],"collection":[{"href":"https:\/\/vicentehomealcantarilla.es\/en\/wp-json\/wp\/v2\/pages"}],"about":[{"href":"https:\/\/vicentehomealcantarilla.es\/en\/wp-json\/wp\/v2\/types\/page"}],"author":[{"embeddable":true,"href":"https:\/\/vicentehomealcantarilla.es\/en\/wp-json\/wp\/v2\/users\/1"}],"replies":[{"embeddable":true,"href":"https:\/\/vicentehomealcantarilla.es\/en\/wp-json\/wp\/v2\/comments?post=299"}],"version-history":[{"count":27,"href":"https:\/\/vicentehomealcantarilla.es\/en\/wp-json\/wp\/v2\/pages\/299\/revisions"}],"predecessor-version":[{"id":790,"href":"https:\/\/vicentehomealcantarilla.es\/en\/wp-json\/wp\/v2\/pages\/299\/revisions\/790"}],"wp:attachment":[{"href":"https:\/\/vicentehomealcantarilla.es\/en\/wp-json\/wp\/v2\/media?parent=299"}],"curies":[{"name":"wp","href":"https:\/\/api.w.org\/{rel}","templated":true}]}}